{"id":19,"date":"2024-07-21T21:32:24","date_gmt":"2024-07-21T19:32:24","guid":{"rendered":"http:\/\/homeserver:89\/?page_id=19"},"modified":"2025-01-23T22:14:19","modified_gmt":"2025-01-23T21:14:19","slug":"startseite","status":"publish","type":"page","link":"https:\/\/www.keramikcafe-soest.de\/","title":{"rendered":"Startseite"},"content":{"rendered":"\n<p>Willkommen bei Mal f\u00fcr Dich &#8211; Deinem Keramikcaf\u00e9 in Soest!<\/p>\n\n\n\n<p>Ich freue mich, dass du dich f\u00fcr das Bemalen und Gestalten von Keramik interessierst. Auf dieser Seite findest du viele Infos f\u00fcr eine kreative und entspannte Zeit in deinem gem\u00fctlichen Keramikcaf\u00e9 im sch\u00f6nen Soest. <a href=\"https:\/\/www.keramikcafe-soest.de\/index.php\/kontakt\/\" data-type=\"page\" data-id=\"21\">Schreib mir<\/a> gerne bei Fragen!<\/p>\n\n\n\n<p><\/p>\n","protected":false},"excerpt":{"rendered":"<p>Willkommen bei Mal f\u00fcr Dich &#8211; Deinem Keramikcaf\u00e9 in Soest! Ich freue mich, dass du dich f\u00fcr das Bemalen und Gestalten von Keramik interessierst. Auf dieser Seite findest du viele Infos f\u00fcr eine kreative und entspannte Zeit in deinem gem\u00fctlichen Keramikcaf\u00e9 im sch\u00f6nen Soest. Schreib mir gerne bei Fragen!<\/p>\n","protected":false},"author":1,"featured_media":67,"parent":0,"menu_order":0,"comment_status":"closed","ping_status":"closed","template":"","meta":{"footnotes":""},"class_list":["post-19","page","type-page","status-publish","has-post-thumbnail","hentry"],"_links":{"self":[{"href":"https:\/\/www.keramikcafe-soest.de\/index.php\/wp-json\/wp\/v2\/pages\/19","targetHints":{"allow":["GET"]}}],"collection":[{"href":"https:\/\/www.keramikcafe-soest.de\/index.php\/wp-json\/wp\/v2\/pages"}],"about":[{"href":"https:\/\/www.keramikcafe-soest.de\/index.php\/wp-json\/wp\/v2\/types\/page"}],"author":[{"embeddable":true,"href":"https:\/\/www.keramikcafe-soest.de\/index.php\/wp-json\/wp\/v2\/users\/1"}],"replies":[{"embeddable":true,"href":"https:\/\/www.keramikcafe-soest.de\/index.php\/wp-json\/wp\/v2\/comments?post=19"}],"version-history":[{"count":10,"href":"https:\/\/www.keramikcafe-soest.de\/index.php\/wp-json\/wp\/v2\/pages\/19\/revisions"}],"predecessor-version":[{"id":122,"href":"https:\/\/www.keramikcafe-soest.de\/index.php\/wp-json\/wp\/v2\/pages\/19\/revisions\/122"}],"wp:featuredmedia":[{"embeddable":true,"href":"https:\/\/www.keramikcafe-soest.de\/index.php\/wp-json\/wp\/v2\/media\/67"}],"wp:attachment":[{"href":"https:\/\/www.keramikcafe-soest.de\/index.php\/wp-json\/wp\/v2\/media?parent=19"}],"curies":[{"name":"wp","href":"https:\/\/api.w.org\/{rel}","templated":true}]}}